{"id":916,"date":"2023-11-10T15:05:46","date_gmt":"2023-11-10T14:05:46","guid":{"rendered":"https:\/\/aisc2023.unimi.it\/?page_id=916"},"modified":"2023-11-29T09:18:02","modified_gmt":"2023-11-29T08:18:02","slug":"mises-a-jour-nouvelles","status":"publish","type":"page","link":"https:\/\/aisc2023.unimi.it\/fr\/mises-a-jour-nouvelles\/","title":{"rendered":"Mises \u00e0 jour\/Nouvelles"},"content":{"rendered":"\n<p><strong>Changements dans le programme du colloque<\/strong><\/p>\n\n\n\n<ul class=\"wp-block-list\">\n<li>La communication <em>The shifting dynamics of acculturation in Italian Canadian women writings<\/em> sera pr\u00e9sent\u00e9e par Concetta Maria Sigona et Bel\u00e9n Ozar\u00edn Garc\u00eda<\/li>\n\n\n\n<li>La pr\u00e9sentation de Ewa Drab, <em>Cultural Diversity in Canadian Fantasy Literature by Female Writers<\/em>, est annul\u00e9e<\/li>\n\n\n\n<li>La pr\u00e9sentation de Sabrina Francesconi, <em>Hallelujah<\/em> by Leonard Cohen: beyond the past, into the future, est annul\u00e9e<\/li>\n\n\n\n<li>La pr\u00e9sentation de Mattia Arioli, Healing the Scars Left by Colonialism: Clayton Thomas-M\u00fcller\u2019s <em>Life in the City of Dirty Water<\/em>, est annul\u00e9e<\/li>\n<\/ul>\n\n\n\n<p><\/p>\n\n\n\n<div class=\"wp-block-group\"><div class=\"wp-block-group__inner-container is-layout-constrained wp-block-group-is-layout-constrained\">\n<p><strong>ExpoDicos<\/strong><\/p>\n\n\n\n<p>Dans le cadre du colloque AISC 2023 l\u2019on pourra visiter l\u2019exposition \u201cExpoDicos\u201d r\u00e9alis\u00e9e par Nadine Vincent et Pam\u00e9la Vachon, linguistes de l\u2019Universit\u00e9 de Sherbrooke.<\/p>\n\n\n\n<p>Cette expo permet, \u00e0 travers une s\u00e9rie d\u2019affiches grand format, de d\u00e9couvrir quelques mots caract\u00e9ristiques de la langue et de la culture qu\u00e9b\u00e9coises repr\u00e9sentatifs des diff\u00e9rentes sources de cette vari\u00e9t\u00e9 de fran\u00e7ais.<\/p>\n\n\n\n<p>Visite en libre acc\u00e8s du 29 novembre 2023 \u00e0 13h00 au 1<sup>er<\/sup>&nbsp;d\u00e9cembre 2023 \u00e0 15h30.<\/p>\n\n\n\n<p>Pr\u00e9sentation du projet&nbsp;: 30 novembre 2023, 11h00, sala fotografi<\/p>\n<\/div><\/div>\n\n\n\n<figure class=\"wp-block-image size-full is-resized\"><img loading=\"lazy\" decoding=\"async\" src=\"https:\/\/aisc2023.unimi.it\/wp-content\/uploads\/sites\/47\/2023\/11\/affiche-1.jpg\" alt=\"\" class=\"wp-image-947\" width=\"297\" height=\"358\" srcset=\"https:\/\/aisc2023.unimi.it\/wp-content\/uploads\/sites\/47\/2023\/11\/affiche-1.jpg 588w, https:\/\/aisc2023.unimi.it\/wp-content\/uploads\/sites\/47\/2023\/11\/affiche-1-498x600.jpg 498w\" sizes=\"(max-width: 297px) 100vw, 297px\" \/><\/figure>\n","protected":false},"excerpt":{"rendered":"<p>Changements dans le programme du colloque ExpoDicos Dans le cadre du colloque AISC 2023 l\u2019on pourra visiter l\u2019exposition \u201cExpoDicos\u201d r\u00e9alis\u00e9e par Nadine Vincent et Pam\u00e9la Vachon, linguistes de l\u2019Universit\u00e9 de Sherbrooke. Cette expo permet, \u00e0 travers une s\u00e9rie d\u2019affiches grand format, de d\u00e9couvrir quelques mots caract\u00e9ristiques de la langue et de la culture qu\u00e9b\u00e9coises repr\u00e9sentatifs [&hellip;]<\/p>\n","protected":false},"author":3,"featured_media":0,"parent":0,"menu_order":8,"comment_status":"closed","ping_status":"closed","template":"","meta":{"_acf_changed":false,"footnotes":""},"class_list":["post-916","page","type-page","status-publish","hentry"],"acf":[],"_links":{"self":[{"href":"https:\/\/aisc2023.unimi.it\/fr\/wp-json\/wp\/v2\/pages\/916"}],"collection":[{"href":"https:\/\/aisc2023.unimi.it\/fr\/wp-json\/wp\/v2\/pages"}],"about":[{"href":"https:\/\/aisc2023.unimi.it\/fr\/wp-json\/wp\/v2\/types\/page"}],"author":[{"embeddable":true,"href":"https:\/\/aisc2023.unimi.it\/fr\/wp-json\/wp\/v2\/users\/3"}],"replies":[{"embeddable":true,"href":"https:\/\/aisc2023.unimi.it\/fr\/wp-json\/wp\/v2\/comments?post=916"}],"version-history":[{"count":8,"href":"https:\/\/aisc2023.unimi.it\/fr\/wp-json\/wp\/v2\/pages\/916\/revisions"}],"predecessor-version":[{"id":964,"href":"https:\/\/aisc2023.unimi.it\/fr\/wp-json\/wp\/v2\/pages\/916\/revisions\/964"}],"wp:attachment":[{"href":"https:\/\/aisc2023.unimi.it\/fr\/wp-json\/wp\/v2\/media?parent=916"}],"curies":[{"name":"wp","href":"https:\/\/api.w.org\/{rel}","templated":true}]}}