{"id":900,"date":"2023-11-06T14:24:56","date_gmt":"2023-11-06T13:24:56","guid":{"rendered":"https:\/\/aisc2023.unimi.it\/?page_id=900"},"modified":"2025-03-12T15:26:39","modified_gmt":"2025-03-12T14:26:39","slug":"livret-des-resumes","status":"publish","type":"page","link":"https:\/\/aisc2023.unimi.it\/fr\/programme\/livret-des-resumes\/","title":{"rendered":"Livret des r\u00e9sum\u00e9s"},"content":{"rendered":"\n<p>Les cultures du Canada : au-del\u00e0 du pass\u00e9, vers l\u2019avenir<\/p>\n\n\n\n<div class=\"wp-block-file\"><a id=\"wp-block-file--media-3e7e8093-0540-4759-a4b7-f38d35f7ba9f\" href=\"https:\/\/aisc2023.unimi.it\/wp-content\/uploads\/sites\/47\/2023\/11\/Livret-des-resumes-Book-of-abstracts-finale.pdf\">T\u00e9l\u00e9chargez le livret des r\u00e9sum\u00e9s<\/a><\/div>\n","protected":false},"excerpt":{"rendered":"<p>Les cultures du Canada : au-del\u00e0 du pass\u00e9, vers l\u2019avenir<\/p>\n","protected":false},"author":5,"featured_media":0,"parent":554,"menu_order":5,"comment_status":"closed","ping_status":"closed","template":"","meta":{"_acf_changed":false,"footnotes":""},"class_list":["post-900","page","type-page","status-publish","hentry"],"acf":[],"_links":{"self":[{"href":"https:\/\/aisc2023.unimi.it\/fr\/wp-json\/wp\/v2\/pages\/900"}],"collection":[{"href":"https:\/\/aisc2023.unimi.it\/fr\/wp-json\/wp\/v2\/pages"}],"about":[{"href":"https:\/\/aisc2023.unimi.it\/fr\/wp-json\/wp\/v2\/types\/page"}],"author":[{"embeddable":true,"href":"https:\/\/aisc2023.unimi.it\/fr\/wp-json\/wp\/v2\/users\/5"}],"replies":[{"embeddable":true,"href":"https:\/\/aisc2023.unimi.it\/fr\/wp-json\/wp\/v2\/comments?post=900"}],"version-history":[{"count":2,"href":"https:\/\/aisc2023.unimi.it\/fr\/wp-json\/wp\/v2\/pages\/900\/revisions"}],"predecessor-version":[{"id":982,"href":"https:\/\/aisc2023.unimi.it\/fr\/wp-json\/wp\/v2\/pages\/900\/revisions\/982"}],"up":[{"embeddable":true,"href":"https:\/\/aisc2023.unimi.it\/fr\/wp-json\/wp\/v2\/pages\/554"}],"wp:attachment":[{"href":"https:\/\/aisc2023.unimi.it\/fr\/wp-json\/wp\/v2\/media?parent=900"}],"curies":[{"name":"wp","href":"https:\/\/api.w.org\/{rel}","templated":true}]}}