{"id":559,"date":"2022-02-14T11:14:29","date_gmt":"2022-02-14T10:14:29","guid":{"rendered":"https:\/\/aisc2023.unimi.it\/?page_id=559"},"modified":"2023-02-17T11:01:29","modified_gmt":"2023-02-17T10:01:29","slug":"aisc","status":"publish","type":"page","link":"https:\/\/aisc2023.unimi.it\/fr\/aisc\/","title":{"rendered":"AISC"},"content":{"rendered":"\n<p><strong>L&rsquo;Association Italienne d&rsquo;\u00c9tudes Canadiennes<\/strong> (AISC) r\u00e9unit des chercheurs italiens et canadiens qui souhaitent suivre et promouvoir des \u00e9tudes sur le Canada, qui portent sur les langues et litt\u00e9ratures anglophones et francophones ainsi que sur l&rsquo;histoire, la g\u00e9ographie, l&rsquo;anthropologie, le droit public et priv\u00e9, l&rsquo;\u00e9conomie, les sciences agricoles et l&rsquo;urbanisme du Canada.<\/p>\n\n\n\n<p>Elle dispose d&rsquo;un <a href=\"http:\/\/www.aiscan.net\/\" target=\"_blank\" rel=\"noreferrer noopener\">site web<\/a> et d&rsquo;une <a href=\"https:\/\/it-it.facebook.com\/associazioneitalianadistudicanadesi\/\" target=\"_blank\" rel=\"noreferrer noopener\">page Facebook<\/a>.<\/p>\n","protected":false},"excerpt":{"rendered":"<p>L&rsquo;Association Italienne d&rsquo;\u00c9tudes Canadiennes (AISC) r\u00e9unit des chercheurs italiens et canadiens qui souhaitent suivre et promouvoir des \u00e9tudes sur le Canada, qui portent sur les langues et litt\u00e9ratures anglophones et francophones ainsi que sur l&rsquo;histoire, la g\u00e9ographie, l&rsquo;anthropologie, le droit public et priv\u00e9, l&rsquo;\u00e9conomie, les sciences agricoles et l&rsquo;urbanisme du Canada. Elle dispose d&rsquo;un site [&hellip;]<\/p>\n","protected":false},"author":3,"featured_media":0,"parent":0,"menu_order":27,"comment_status":"closed","ping_status":"closed","template":"","meta":{"_acf_changed":false,"footnotes":""},"class_list":["post-559","page","type-page","status-publish","hentry"],"acf":[],"_links":{"self":[{"href":"https:\/\/aisc2023.unimi.it\/fr\/wp-json\/wp\/v2\/pages\/559"}],"collection":[{"href":"https:\/\/aisc2023.unimi.it\/fr\/wp-json\/wp\/v2\/pages"}],"about":[{"href":"https:\/\/aisc2023.unimi.it\/fr\/wp-json\/wp\/v2\/types\/page"}],"author":[{"embeddable":true,"href":"https:\/\/aisc2023.unimi.it\/fr\/wp-json\/wp\/v2\/users\/3"}],"replies":[{"embeddable":true,"href":"https:\/\/aisc2023.unimi.it\/fr\/wp-json\/wp\/v2\/comments?post=559"}],"version-history":[{"count":9,"href":"https:\/\/aisc2023.unimi.it\/fr\/wp-json\/wp\/v2\/pages\/559\/revisions"}],"predecessor-version":[{"id":777,"href":"https:\/\/aisc2023.unimi.it\/fr\/wp-json\/wp\/v2\/pages\/559\/revisions\/777"}],"wp:attachment":[{"href":"https:\/\/aisc2023.unimi.it\/fr\/wp-json\/wp\/v2\/media?parent=559"}],"curies":[{"name":"wp","href":"https:\/\/api.w.org\/{rel}","templated":true}]}}