{"id":554,"date":"2022-02-14T10:45:26","date_gmt":"2022-02-14T09:45:26","guid":{"rendered":"https:\/\/aisc2023.unimi.it\/?page_id=554"},"modified":"2025-03-12T15:25:16","modified_gmt":"2025-03-12T14:25:16","slug":"programme","status":"publish","type":"page","link":"https:\/\/aisc2023.unimi.it\/fr\/programme\/","title":{"rendered":"Programme"},"content":{"rendered":"\n<p><strong>Conf\u00e9rences pl\u00e9ni\u00e8res<\/strong><\/p>\n\n\n\n<p>Luca Codignola, <em>Mezzo secolo di Canada: un itinerario di ricerca e di conoscenza<\/em><\/p>\n\n\n\n<p>Dani\u00e8le LeBlanc, <em>Transdisciplinarit\u00e9 et cr\u00e9ation&nbsp;: de la mise en sc\u00e8ne aux arts visuels et \u00e0 l\u2019\u00e9criture<\/em><\/p>\n\n\n\n<p>Beno\u00eet&nbsp;Melan\u00e7on, <em>Le sport national des Qu\u00e9b\u00e9cois : parler de langue<\/em><\/p>\n\n\n\n<p>H\u00e9liane Ventura, <em>The Naturalcultural World of the Future According to Margaret Atwood<\/em><\/p>\n\n\n\n<p><\/p>\n\n\n\n<p><\/p>\n\n\n\n<div class=\"wp-block-file\"><a id=\"wp-block-file--media-25807983-2429-4441-a368-2604b5fde3cc\" href=\"https:\/\/aisc2023.unimi.it\/wp-content\/uploads\/sites\/47\/2023\/10\/AISC-2023-Programma-FINALE-rivisto-1.pdf\">Programme complet du colloque<\/a><\/div>\n","protected":false},"excerpt":{"rendered":"<p>Conf\u00e9rences pl\u00e9ni\u00e8res Luca Codignola, Mezzo secolo di Canada: un itinerario di ricerca e di conoscenza Dani\u00e8le LeBlanc, Transdisciplinarit\u00e9 et cr\u00e9ation&nbsp;: de la mise en sc\u00e8ne aux arts visuels et \u00e0 l\u2019\u00e9criture Beno\u00eet&nbsp;Melan\u00e7on, Le sport national des Qu\u00e9b\u00e9cois : parler de langue H\u00e9liane Ventura, The Naturalcultural World of the Future According to Margaret Atwood<\/p>\n","protected":false},"author":3,"featured_media":0,"parent":0,"menu_order":21,"comment_status":"closed","ping_status":"closed","template":"","meta":{"_acf_changed":false,"footnotes":""},"class_list":["post-554","page","type-page","status-publish","hentry"],"acf":[],"_links":{"self":[{"href":"https:\/\/aisc2023.unimi.it\/fr\/wp-json\/wp\/v2\/pages\/554"}],"collection":[{"href":"https:\/\/aisc2023.unimi.it\/fr\/wp-json\/wp\/v2\/pages"}],"about":[{"href":"https:\/\/aisc2023.unimi.it\/fr\/wp-json\/wp\/v2\/types\/page"}],"author":[{"embeddable":true,"href":"https:\/\/aisc2023.unimi.it\/fr\/wp-json\/wp\/v2\/users\/3"}],"replies":[{"embeddable":true,"href":"https:\/\/aisc2023.unimi.it\/fr\/wp-json\/wp\/v2\/comments?post=554"}],"version-history":[{"count":9,"href":"https:\/\/aisc2023.unimi.it\/fr\/wp-json\/wp\/v2\/pages\/554\/revisions"}],"predecessor-version":[{"id":981,"href":"https:\/\/aisc2023.unimi.it\/fr\/wp-json\/wp\/v2\/pages\/554\/revisions\/981"}],"wp:attachment":[{"href":"https:\/\/aisc2023.unimi.it\/fr\/wp-json\/wp\/v2\/media?parent=554"}],"curies":[{"name":"wp","href":"https:\/\/api.w.org\/{rel}","templated":true}]}}