{"id":549,"date":"2022-02-14T11:58:32","date_gmt":"2022-02-14T10:58:32","guid":{"rendered":"https:\/\/aisc2023.unimi.it\/?page_id=549"},"modified":"2023-11-20T10:39:48","modified_gmt":"2023-11-20T09:39:48","slug":"renseignements-utiles","status":"publish","type":"page","link":"https:\/\/aisc2023.unimi.it\/fr\/renseignements-utiles\/","title":{"rendered":"Renseignements utiles"},"content":{"rendered":"\n<p>Le colloque aura lieu \u00e0 <a href=\"https:\/\/www.unimi.it\/it\/ateneo\/la-statale\/eventi-e-manifestazioni\/organizzare-eventi-statale\/spazi-eventi-conferenze-e-congressi\/luniversita-nel-cuore-di-milano\/le-sale-di-palazzo-greppi\" target=\"_blank\" rel=\"noreferrer noopener\">Palazzo Greppi<\/a> (Sala Napoleonica), Via S. Antonio 12, Milano.<\/p>\n\n\n\n<p>Vous pourrez acc\u00e9der \u00e0 un plan via <a href=\"https:\/\/www.google.it\/maps\/place\/Palazzo+Greppi\/@45.4613503,9.1910671,17z\/data=!3m1!4b1!4m6!3m5!1s0x4786c6a8be6d6c31:0x494847dde9b22015!8m2!3d45.4613466!4d9.1932558!16s%2Fg%2F11x7vhqgh\">ce lien<\/a>.<\/p>\n\n\n\n<p><strong>Frais de participation<\/strong><\/p>\n\n\n\n<p>La participation au colloque ne comporte aucuns frais d&rsquo;inscription.<\/p>\n\n\n\n<p>Les universitaires italiens qui souhaitent pr\u00e9senter une communication sont tenus \u00e0 s&rsquo;inscrire \u00e0 l&rsquo;AISC (voir le site web de l&rsquo;association).<\/p>\n\n\n\n<p><\/p>\n\n\n\n<p><strong>Comment se rendre \u00e0 Palazzo Greppi<\/strong><\/p>\n\n\n\n<p>Les stations de m\u00e9tro les plus proches sont Duomo (lignes 1 et 3) et Missori (ligne 3).<\/p>\n\n\n\n<p>Vous trouverez <a href=\"https:\/\/www.atm.it\/en\/Pages\/default.aspx\">ICI<\/a> tous les informations concernant les transports publics; avec <a href=\"https:\/\/giromilano.atm.it\/#\/home\/\">GiroMilano<\/a> vous pourrez planifier votre itin\u00e9raire.<\/p>\n\n\n\n<p><strong>O\u00f9 loger<\/strong><\/p>\n\n\n\n<p>Voici quelques propositions d\u2019h\u00e9bergements les plus proches.<\/p>\n\n\n\n<p><em>Hotel Canada \u2013 Via Santa Sofia, 16<\/em>&nbsp;(M\u00e9tro 3, Missori \u2013 Tram 16 et 24 Corso di Porta Romana\/Via Santa Sofia).<\/p>\n\n\n\n<p><em>Hotel Rio \u2013 Via Giuseppe Mazzini, 8&nbsp;<\/em>(M\u00e9tro 1 e 2, Duomo \u2013 Tram 2, 12, 14, 16 et 19, Duomo)<\/p>\n\n\n\n<p><em>Hotel Palazzo delle Stelline \u2013 Corso Magenta, 61<\/em>&nbsp;(M\u00e9tro 1 e 2, Cadorna \u2013 Tram 16, S. Maria delle Grazie)<\/p>\n","protected":false},"excerpt":{"rendered":"<p>Le colloque aura lieu \u00e0 Palazzo Greppi (Sala Napoleonica), Via S. Antonio 12, Milano. Vous pourrez acc\u00e9der \u00e0 un plan via ce lien. Frais de participation La participation au colloque ne comporte aucuns frais d&rsquo;inscription. Les universitaires italiens qui souhaitent pr\u00e9senter une communication sont tenus \u00e0 s&rsquo;inscrire \u00e0 l&rsquo;AISC (voir le site web de l&rsquo;association). [&hellip;]<\/p>\n","protected":false},"author":3,"featured_media":0,"parent":0,"menu_order":23,"comment_status":"closed","ping_status":"closed","template":"","meta":{"_acf_changed":false,"footnotes":""},"class_list":["post-549","page","type-page","status-publish","hentry"],"acf":[],"_links":{"self":[{"href":"https:\/\/aisc2023.unimi.it\/fr\/wp-json\/wp\/v2\/pages\/549"}],"collection":[{"href":"https:\/\/aisc2023.unimi.it\/fr\/wp-json\/wp\/v2\/pages"}],"about":[{"href":"https:\/\/aisc2023.unimi.it\/fr\/wp-json\/wp\/v2\/types\/page"}],"author":[{"embeddable":true,"href":"https:\/\/aisc2023.unimi.it\/fr\/wp-json\/wp\/v2\/users\/3"}],"replies":[{"embeddable":true,"href":"https:\/\/aisc2023.unimi.it\/fr\/wp-json\/wp\/v2\/comments?post=549"}],"version-history":[{"count":11,"href":"https:\/\/aisc2023.unimi.it\/fr\/wp-json\/wp\/v2\/pages\/549\/revisions"}],"predecessor-version":[{"id":960,"href":"https:\/\/aisc2023.unimi.it\/fr\/wp-json\/wp\/v2\/pages\/549\/revisions\/960"}],"wp:attachment":[{"href":"https:\/\/aisc2023.unimi.it\/fr\/wp-json\/wp\/v2\/media?parent=549"}],"curies":[{"name":"wp","href":"https:\/\/api.w.org\/{rel}","templated":true}]}}