{"id":546,"date":"2022-02-14T10:38:50","date_gmt":"2022-02-14T09:38:50","guid":{"rendered":"https:\/\/aisc2023.unimi.it\/?page_id=546"},"modified":"2023-02-17T11:09:39","modified_gmt":"2023-02-17T10:09:39","slug":"propositions-de-communication","status":"publish","type":"page","link":"https:\/\/aisc2023.unimi.it\/fr\/theme-propose\/propositions-de-communication\/","title":{"rendered":"Propositions de communication"},"content":{"rendered":"\n<p>Les propositions de communication (20 minutes + discussion) devront porter sur un aspect li\u00e9 \u00e0 la th\u00e9matique du colloque&nbsp;; elles comporteront&nbsp;:<\/p>\n\n\n\n<ul class=\"wp-block-list\">\n<li>un titre provisoire<\/li>\n\n\n\n<li>un r\u00e9sum\u00e9 d&rsquo;environ 300 mots, en fran\u00e7ais, anglais ou italien\u00a0<\/li>\n\n\n\n<li>quelques r\u00e9f\u00e9rences bibliographiques<\/li>\n\n\n\n<li>un bref profil biographique (max. 100 mots)<\/li>\n<\/ul>\n\n\n\n<p>Les propositions seront envoy\u00e9es \u00e0&nbsp;: <a href=\"mailto:cristina.brancaglion@unimi.it\">cristina.brancaglion@unimi.it<\/a> et <a href=\"mailto:marco.modenesi@unimi.it\">marco.modenesi@unimi.it<\/a>&nbsp; avant le <strong>10 juillet 2023<\/strong><\/p>\n\n\n\n<p>Elles seront soumises \u00e0 \u00e9valuation et une notification sera envoy\u00e9e <strong>fin juillet 2023<\/strong>.<\/p>\n\n\n\n<p>Les langues officielles du colloque sont l\u2019italien, l\u2019anglais et le fran\u00e7ais.<\/p>\n","protected":false},"excerpt":{"rendered":"<p>Les propositions de communication (20 minutes + discussion) devront porter sur un aspect li\u00e9 \u00e0 la th\u00e9matique du colloque&nbsp;; elles comporteront&nbsp;: Les propositions seront envoy\u00e9es \u00e0&nbsp;: cristina.brancaglion@unimi.it et marco.modenesi@unimi.it&nbsp; avant le 10 juillet 2023 Elles seront soumises \u00e0 \u00e9valuation et une notification sera envoy\u00e9e fin juillet 2023. Les langues officielles du colloque sont l\u2019italien, l\u2019anglais [&hellip;]<\/p>\n","protected":false},"author":3,"featured_media":0,"parent":498,"menu_order":3,"comment_status":"closed","ping_status":"closed","template":"","meta":{"_acf_changed":false,"footnotes":""},"class_list":["post-546","page","type-page","status-publish","hentry"],"acf":[],"_links":{"self":[{"href":"https:\/\/aisc2023.unimi.it\/fr\/wp-json\/wp\/v2\/pages\/546"}],"collection":[{"href":"https:\/\/aisc2023.unimi.it\/fr\/wp-json\/wp\/v2\/pages"}],"about":[{"href":"https:\/\/aisc2023.unimi.it\/fr\/wp-json\/wp\/v2\/types\/page"}],"author":[{"embeddable":true,"href":"https:\/\/aisc2023.unimi.it\/fr\/wp-json\/wp\/v2\/users\/3"}],"replies":[{"embeddable":true,"href":"https:\/\/aisc2023.unimi.it\/fr\/wp-json\/wp\/v2\/comments?post=546"}],"version-history":[{"count":4,"href":"https:\/\/aisc2023.unimi.it\/fr\/wp-json\/wp\/v2\/pages\/546\/revisions"}],"predecessor-version":[{"id":782,"href":"https:\/\/aisc2023.unimi.it\/fr\/wp-json\/wp\/v2\/pages\/546\/revisions\/782"}],"up":[{"embeddable":true,"href":"https:\/\/aisc2023.unimi.it\/fr\/wp-json\/wp\/v2\/pages\/498"}],"wp:attachment":[{"href":"https:\/\/aisc2023.unimi.it\/fr\/wp-json\/wp\/v2\/media?parent=546"}],"curies":[{"name":"wp","href":"https:\/\/api.w.org\/{rel}","templated":true}]}}