{"id":506,"date":"2021-03-09T15:54:05","date_gmt":"2021-03-09T14:54:05","guid":{"rendered":"https:\/\/aisc2023.unimi.it\/?page_id=506"},"modified":"2023-03-01T16:13:58","modified_gmt":"2023-03-01T15:13:58","slug":"homepage","status":"publish","type":"page","link":"https:\/\/aisc2023.unimi.it\/fr\/","title":{"rendered":"Page d&rsquo;accueil"},"content":{"rendered":"\n<div class=\"wp-block-cover alignfull is-light hero--2col\" style=\"min-height:388px;aspect-ratio:unset;\"><span aria-hidden=\"true\" class=\"wp-block-cover__background has-background-dim-0 has-background-dim\"><\/span><img loading=\"lazy\" decoding=\"async\" width=\"2560\" height=\"1735\" class=\"wp-block-cover__image-background wp-image-19\" alt=\"\" src=\"https:\/\/progetto-demo.wpmultisite.unimi.it\/wp-content\/uploads\/sites\/47\/2021\/04\/unimi-scaled.jpg\" style=\"object-position:50% 50%\" data-object-fit=\"cover\" data-object-position=\"50% 50%\" srcset=\"https:\/\/aisc2023.unimi.it\/wp-content\/uploads\/sites\/47\/2021\/04\/unimi-scaled.jpg 2560w, https:\/\/aisc2023.unimi.it\/wp-content\/uploads\/sites\/47\/2021\/04\/unimi-300x203.jpg 300w, https:\/\/aisc2023.unimi.it\/wp-content\/uploads\/sites\/47\/2021\/04\/unimi-1024x694.jpg 1024w, https:\/\/aisc2023.unimi.it\/wp-content\/uploads\/sites\/47\/2021\/04\/unimi-768x521.jpg 768w, https:\/\/aisc2023.unimi.it\/wp-content\/uploads\/sites\/47\/2021\/04\/unimi-1536x1041.jpg 1536w, https:\/\/aisc2023.unimi.it\/wp-content\/uploads\/sites\/47\/2021\/04\/unimi-2048x1388.jpg 2048w\" sizes=\"(max-width: 2560px) 100vw, 2560px\" \/><div class=\"wp-block-cover__inner-container is-layout-flow wp-block-cover-is-layout-flow\">\n<p><strong>Pr\u00e9sentation du colloque<\/strong><\/p>\n\n\n\n<p>L&rsquo;Association Italienne d&rsquo;\u00c9tudes Canadiennes organise son prochain colloque international \u00e0 l&rsquo;Universit\u00e9 de Milan, avec le soutien du D\u00e9partement de Langues Litt\u00e9ratures Cultures et M\u00e9diations (<a href=\"https:\/\/www.dllcm.unimi.it\/ecm\/home\">Dipartimento di lingue, letterature, culture e mediazioni<\/a>).<\/p>\n\n\n\n<p>Le colloque aura lieu du 29 novembre au 1er d\u00e9cembre 2023 et sera consacr\u00e9 au th\u00e8me <em>Les cultures du Canada : au-del\u00e0 du pass\u00e9, vers l&rsquo;avenir<\/em>.<\/p>\n\n\n\n<p>Les chercheurs qui s&rsquo;int\u00e9ressent au Canada sont invit\u00e9s \u00e0 s&rsquo;interroger sur les rapports entre les diff\u00e9rentes cultures qui coexistent au sein du pays, afin de faire \u00e9merger des pistes utiles pour favoriser les \u00e9changes, le dialogue et la compr\u00e9hension mutuelle et de r\u00e9fl\u00e9chir \u00e0 ce qui est, au contraire, source de r\u00e9sistance et de rejet de l&rsquo;alt\u00e9rit\u00e9.<\/p>\n\n\n\n<p><strong>Dates \u00e0 retenir<\/strong><\/p>\n\n\n\n<ul class=\"wp-block-list\">\n<li>10 juillet 2023 &#8211; Date limite pour la transmission des propositions de <br>communication<\/li>\n\n\n\n<li>31 juillet 2023 &#8211; Confirmation des propositions s\u00e9lectionn\u00e9es<\/li>\n\n\n\n<li>29 novembre &#8211; 1er d\u00e9cembre 2023 &#8211; Dates du colloque<\/li>\n<\/ul>\n\n\n\n<p><strong>Pour informations:<\/strong><\/p>\n\n\n\n<p><a href=\"mailto:marco.modenesi@unimi.it\">marco.modenesi@unimi.it<\/a><\/p>\n\n\n\n<p><a href=\"mailto:cristina.brancaglion@unimi.it\">cristina.brancaglion@unimi.it<\/a><\/p>\n<\/div><\/div>\n\n\n\n<div style=\"height:123px\" aria-hidden=\"true\" class=\"wp-block-spacer\"><\/div>\n\n\n\n<figure class=\"wp-block-gallery aligncenter has-nested-images columns-5 is-cropped wp-block-gallery-1 is-layout-flex wp-block-gallery-is-layout-flex\">\n<figure class=\"wp-block-image size-thumbnail\"><img loading=\"lazy\" decoding=\"async\" width=\"360\" height=\"150\" data-id=\"740\" src=\"https:\/\/aisc2023.unimi.it\/wp-content\/uploads\/sites\/47\/2023\/02\/Toronto-360x150.jpg\" alt=\"\" class=\"wp-image-740\" \/><\/figure>\n\n\n\n<figure class=\"wp-block-image size-thumbnail\"><img loading=\"lazy\" decoding=\"async\" width=\"360\" height=\"150\" data-id=\"737\" src=\"https:\/\/aisc2023.unimi.it\/wp-content\/uploads\/sites\/47\/2023\/02\/Quebec-360x150.jpg\" alt=\"\" class=\"wp-image-737\" \/><\/figure>\n\n\n\n<figure class=\"wp-block-image size-thumbnail\"><img loading=\"lazy\" decoding=\"async\" width=\"360\" height=\"150\" data-id=\"734\" src=\"https:\/\/aisc2023.unimi.it\/wp-content\/uploads\/sites\/47\/2023\/02\/phare-charlottetown-ile-prince-edouard-canada-1-360x150.jpeg\" alt=\"\" class=\"wp-image-734\" \/><\/figure>\n\n\n\n<figure class=\"wp-block-image size-thumbnail\"><img loading=\"lazy\" decoding=\"async\" width=\"297\" height=\"150\" data-id=\"731\" src=\"https:\/\/aisc2023.unimi.it\/wp-content\/uploads\/sites\/47\/2023\/02\/Ottawa-araignee-297x150.jpg\" alt=\"\" class=\"wp-image-731\" \/><\/figure>\n\n\n\n<figure class=\"wp-block-image size-thumbnail\"><img loading=\"lazy\" decoding=\"async\" width=\"275\" height=\"150\" data-id=\"728\" src=\"https:\/\/aisc2023.unimi.it\/wp-content\/uploads\/sites\/47\/2023\/02\/Ottawa-275x150.jpg\" alt=\"\" class=\"wp-image-728\" \/><\/figure>\n\n\n\n<figure class=\"wp-block-image size-thumbnail\"><img loading=\"lazy\" decoding=\"async\" width=\"360\" height=\"150\" data-id=\"725\" src=\"https:\/\/aisc2023.unimi.it\/wp-content\/uploads\/sites\/47\/2023\/02\/Montreal-360x150.jpg\" alt=\"\" class=\"wp-image-725\" \/><\/figure>\n\n\n\n<figure class=\"wp-block-image size-thumbnail\"><img loading=\"lazy\" decoding=\"async\" width=\"275\" height=\"150\" data-id=\"722\" src=\"https:\/\/aisc2023.unimi.it\/wp-content\/uploads\/sites\/47\/2023\/02\/Japanese-culture-Vancouver-275x150.jpg\" alt=\"\" class=\"wp-image-722\" \/><\/figure>\n\n\n\n<figure class=\"wp-block-image size-thumbnail\"><img loading=\"lazy\" decoding=\"async\" width=\"276\" height=\"150\" data-id=\"719\" src=\"https:\/\/aisc2023.unimi.it\/wp-content\/uploads\/sites\/47\/2023\/02\/British-Columbia-276x150.jpg\" alt=\"\" class=\"wp-image-719\" \/><\/figure>\n\n\n\n<figure class=\"wp-block-image size-thumbnail\"><img loading=\"lazy\" decoding=\"async\" width=\"275\" height=\"150\" data-id=\"716\" src=\"https:\/\/aisc2023.unimi.it\/wp-content\/uploads\/sites\/47\/2023\/02\/British-col-balena-275x150.jpg\" alt=\"\" class=\"wp-image-716\" \/><\/figure>\n<\/figure>\n","protected":false},"excerpt":{"rendered":"","protected":false},"author":3,"featured_media":0,"parent":0,"menu_order":0,"comment_status":"closed","ping_status":"closed","template":"","meta":{"_acf_changed":false,"footnotes":""},"class_list":["post-506","page","type-page","status-publish","hentry"],"acf":[],"_links":{"self":[{"href":"https:\/\/aisc2023.unimi.it\/fr\/wp-json\/wp\/v2\/pages\/506"}],"collection":[{"href":"https:\/\/aisc2023.unimi.it\/fr\/wp-json\/wp\/v2\/pages"}],"about":[{"href":"https:\/\/aisc2023.unimi.it\/fr\/wp-json\/wp\/v2\/types\/page"}],"author":[{"embeddable":true,"href":"https:\/\/aisc2023.unimi.it\/fr\/wp-json\/wp\/v2\/users\/3"}],"replies":[{"embeddable":true,"href":"https:\/\/aisc2023.unimi.it\/fr\/wp-json\/wp\/v2\/comments?post=506"}],"version-history":[{"count":15,"href":"https:\/\/aisc2023.unimi.it\/fr\/wp-json\/wp\/v2\/pages\/506\/revisions"}],"predecessor-version":[{"id":792,"href":"https:\/\/aisc2023.unimi.it\/fr\/wp-json\/wp\/v2\/pages\/506\/revisions\/792"}],"wp:attachment":[{"href":"https:\/\/aisc2023.unimi.it\/fr\/wp-json\/wp\/v2\/media?parent=506"}],"curies":[{"name":"wp","href":"https:\/\/api.w.org\/{rel}","templated":true}]}}