{"id":498,"date":"2022-09-09T16:02:52","date_gmt":"2022-09-09T14:02:52","guid":{"rendered":"https:\/\/aisc2023.unimi.it\/?page_id=498"},"modified":"2023-02-16T08:48:42","modified_gmt":"2023-02-16T07:48:42","slug":"theme-propose","status":"publish","type":"page","link":"https:\/\/aisc2023.unimi.it\/fr\/theme-propose\/","title":{"rendered":"Th\u00e8me propos\u00e9"},"content":{"rendered":"\n<h3 class=\"wp-block-heading\">Les cultures du Canada\u202f: au-del\u00e0 du pass\u00e9, vers le futur&nbsp;&nbsp;&nbsp;<\/h3>\n\n\n\n<p>Dans l\u2019opinion commune, le Canada est consid\u00e9r\u00e9 comme un pays bilingue et dont le bilinguisme donne lieu essentiellement \u00e0 une culture anglophone et \u00e0 une culture francophone. En r\u00e9alit\u00e9, la soci\u00e9t\u00e9 canadienne s\u2019inscrit plut\u00f4t dans une dimension pluriethnique et pluriculturelle qui m\u00e9rite d\u2019\u00eatre mieux connue.&nbsp;&nbsp;<\/p>\n\n\n\n<p>L\u2019\u00e9dition 2023 du colloque de l\u2019Associazione Italiana di Studi Canadesi veut ainsi proposer des axes de r\u00e9flexion visant \u00e0 approfondir les implications culturelles, identitaires, linguistiques, artistiques, id\u00e9ologiques, politiques, \u00e9conomiques de cette pluralit\u00e9.&nbsp;<\/p>\n\n\n\n<p>D\u2019ailleurs, le Canada est fond\u00e9 sur la cohabitation de plusieurs peuples qui sont venus s\u2019installer progressivement dans la partie septentrionale de l\u2019Am\u00e9rique du Nord\u202f: des Premi\u00e8res Nations qui y vivent depuis des temps imm\u00e9moriaux, aux communaut\u00e9s francophones et anglophones qui s\u2019y sont install\u00e9es apr\u00e8s le XVI<sup>e<\/sup> si\u00e8cle, aux divers apports de l\u2019immigration de masse qui caract\u00e9rise l\u2019\u00e9poque contemporaine. Si cette diversification repr\u00e9sente une richesse, elle est \u2013 et a \u00e9t\u00e9 \u2013 \u00e9galement une source de contrastes et d\u2019incompr\u00e9hensions. Ainsi, aujourd\u2019hui l\u2019on alterne entre une vision unifi\u00e9e de l\u2019identit\u00e9 canadienne et une conception plurielle qui met en valeur la coexistence de nombreuses entit\u00e9s culturelles distinctes<sup>1<\/sup>.&nbsp;&nbsp;<\/p>\n\n\n\n<p>Le colloque AISC 2023 se veut l\u2019occasion de s\u2019interroger sur les rapports entre les diff\u00e9rentes cultures canadiennes afin de mettre en lumi\u00e8re d\u2019une part les enjeux qui pourraient favoriser les \u00e9changes, le dialogue, la compr\u00e9hension r\u00e9ciproque et d\u2019autre part, ceux qui s\u2019av\u00e8rent source de r\u00e9sistances, de rejets de l\u2019alt\u00e9rit\u00e9.&nbsp;&nbsp;<\/p>\n\n\n\n<p>L\u2019attention portera aussi bien sur la contemporan\u00e9it\u00e9 que sur des aspects de l\u2019histoire des diff\u00e9rentes communaut\u00e9s ainsi que sur des projets pour l\u2019avenir. Toutes les sciences humaines pourront contribuer, selon une approche qui pourra \u00eatre intersectionnelle, \u00e0 faire mieux conna\u00eetre les diff\u00e9rentes cultures du Canada pour fa\u00e7onner un futur plus accueillant et lumineux\u202f: l\u2019\u00e9tude de documents issus de champs du savoir les plus vari\u00e9s (ethnographie, g\u00e9ographie, histoire, droit, linguistique, litt\u00e9rature, sociologie etc.) permettra de se pencher sur un ou plusieurs des axes th\u00e9matiques indiqu\u00e9s ci-dessous \u2013 sans exclure la possibilit\u00e9 d\u2019en mettre en lumi\u00e8re d\u2019autres:&nbsp;<\/p>\n\n\n\n<ul class=\"wp-block-list\">\n<li>les croyances, les traditions, les pratiques qui nourrissent les cultures canadiennes\u202f;&nbsp;<\/li>\n\n\n\n<li>l\u2019engagement des intellectuels dans des actions et des politiques cibl\u00e9es sur la mise en valeur, revitalisation, d\u00e9couverte ou red\u00e9couverte des patrimoines linguistiques et culturels\u202f;\u202f&nbsp;<\/li>\n\n\n\n<li>les projets novateurs visant \u00e0 favoriser le changement dans les rapports entre les diff\u00e9rents peuples et communaut\u00e9s\u202f;&nbsp;<\/li>\n\n\n\n<li>la perception de l\u2019histoire et des traditions\u202f: fardeau du pass\u00e9 ou force d\u2019un commencement nouveau\u202f?&nbsp;<\/li>\n\n\n\n<li>la cr\u00e9ativit\u00e9 artistique et litt\u00e9raire \u00e0 l\u2019\u0153uvre dans la reconnaissance de la diversit\u00e9, de l\u2019alt\u00e9rit\u00e9 et de la et pluralit\u00e9 culturelle\u202f;&nbsp;<\/li>\n\n\n\n<li>la perception identitaire chez les diff\u00e9rentes communaut\u00e9s canadiennes, y compris les communaut\u00e9s LGTB ;&nbsp;<\/li>\n\n\n\n<li>les attitudes sociales et sociolinguistiques face \u00e0 l\u2019alt\u00e9rit\u00e9\u202f: hostilit\u00e9s, indiff\u00e9rences, solidarit\u00e9s, coop\u00e9rations\u202f;&nbsp;<\/li>\n\n\n\n<li>les milieux de l\u2019\u00e9ducation face \u00e0 la pluralit\u00e9 \/ diversit\u00e9 culturelle canadienne\u202f;&nbsp;<\/li>\n\n\n\n<li>le r\u00f4le des milieux associatifs dans la valorisation des cultures canadiennes\u202f;&nbsp;<\/li>\n\n\n\n<li>la mondialisation et le d\u00e9veloppement des moyens de communication comme enjeu de rencontre entre langues et cultures\u202f;&nbsp;<\/li>\n\n\n\n<li>les pr\u00e9figurations d\u2019une vision unifi\u00e9e de l\u2019identit\u00e9 canadienne.&nbsp;<\/li>\n<\/ul>\n\n\n\n<h4 class=\"wp-block-heading\">&nbsp;<\/h4>\n","protected":false},"excerpt":{"rendered":"<p>Les cultures du Canada\u202f: au-del\u00e0 du pass\u00e9, vers le futur&nbsp;&nbsp;&nbsp; Dans l\u2019opinion commune, le Canada est consid\u00e9r\u00e9 comme un pays bilingue et dont le bilinguisme donne lieu essentiellement \u00e0 une culture anglophone et \u00e0 une culture francophone. En r\u00e9alit\u00e9, la soci\u00e9t\u00e9 canadienne s\u2019inscrit plut\u00f4t dans une dimension pluriethnique et pluriculturelle qui m\u00e9rite d\u2019\u00eatre mieux connue.&nbsp;&nbsp; [&hellip;]<\/p>\n","protected":false},"author":3,"featured_media":0,"parent":0,"menu_order":2,"comment_status":"closed","ping_status":"closed","template":"","meta":{"_acf_changed":false,"footnotes":""},"class_list":["post-498","page","type-page","status-publish","hentry"],"acf":[],"_links":{"self":[{"href":"https:\/\/aisc2023.unimi.it\/fr\/wp-json\/wp\/v2\/pages\/498"}],"collection":[{"href":"https:\/\/aisc2023.unimi.it\/fr\/wp-json\/wp\/v2\/pages"}],"about":[{"href":"https:\/\/aisc2023.unimi.it\/fr\/wp-json\/wp\/v2\/types\/page"}],"author":[{"embeddable":true,"href":"https:\/\/aisc2023.unimi.it\/fr\/wp-json\/wp\/v2\/users\/3"}],"replies":[{"embeddable":true,"href":"https:\/\/aisc2023.unimi.it\/fr\/wp-json\/wp\/v2\/comments?post=498"}],"version-history":[{"count":4,"href":"https:\/\/aisc2023.unimi.it\/fr\/wp-json\/wp\/v2\/pages\/498\/revisions"}],"predecessor-version":[{"id":624,"href":"https:\/\/aisc2023.unimi.it\/fr\/wp-json\/wp\/v2\/pages\/498\/revisions\/624"}],"wp:attachment":[{"href":"https:\/\/aisc2023.unimi.it\/fr\/wp-json\/wp\/v2\/media?parent=498"}],"curies":[{"name":"wp","href":"https:\/\/api.w.org\/{rel}","templated":true}]}}