{"id":914,"date":"2023-11-10T15:05:46","date_gmt":"2023-11-10T14:05:46","guid":{"rendered":"https:\/\/aisc2023.unimi.it\/?page_id=914"},"modified":"2023-11-29T09:16:45","modified_gmt":"2023-11-29T08:16:45","slug":"updates-news","status":"publish","type":"page","link":"https:\/\/aisc2023.unimi.it\/en\/updates-news\/","title":{"rendered":"Updates\/News"},"content":{"rendered":"\n<p><strong>Programme modifications<\/strong><\/p>\n\n\n\n<ul class=\"wp-block-list\">\n<li>The communication <em>The shifting dynamics of acculturation in Italian Canadian women writings<\/em> will be presented by Concetta Maria Sigona and Bel\u00e9n Ozar\u00edn Garc\u00eda<\/li>\n\n\n\n<li>The presentation of Ewa Drab, <em>Cultural Diversity in Canadian Fantasy Literature by Female Writers<\/em>, is cancelled<\/li>\n\n\n\n<li>The presentation of  Sabrina Francesconi, <em>Hallelujah<\/em> by Leonard Cohen: beyond the past, into the future, is cancelled<\/li>\n\n\n\n<li>The presentation of Mattia Arioli, Healing the Scars Left by Colonialism: Clayton Thomas-M\u00fcller\u2019s <em>Life in the City of Dirty Water<\/em>, is cancelled<\/li>\n<\/ul>\n\n\n\n<p><\/p>\n\n\n\n<p><strong>ExpoDicos<\/strong> <\/p>\n\n\n\n<p>On the occasion of the AISC 2023 conference you can explore the &#8220;ExpoDicos&#8221; exhibition created by Nadine Vincent and Pam\u00e9la Vachon, linguists at the Universit\u00e9 de Sherbrooke.<\/p>\n\n\n\n<p>Through a series of large-format posters, the exhibition allows to discover some of the characteristic words of the Quebec language and culture, that are representative of the different sources of this variety of French.<\/p>\n\n\n\n<p>Free admission from 29 November 2023 at 1pm to 1 December 2023 at 3.30pm. <\/p>\n\n\n\n<p>Project presentation: 30 November 2023, 11:00 am, sala fotografi<\/p>\n\n\n\n<figure class=\"wp-block-image size-full is-resized\"><img loading=\"lazy\" decoding=\"async\" src=\"https:\/\/aisc2023.unimi.it\/wp-content\/uploads\/sites\/47\/2023\/11\/affiche-2.jpg\" alt=\"\" class=\"wp-image-952\" width=\"337\" height=\"406\" srcset=\"https:\/\/aisc2023.unimi.it\/wp-content\/uploads\/sites\/47\/2023\/11\/affiche-2.jpg 588w, https:\/\/aisc2023.unimi.it\/wp-content\/uploads\/sites\/47\/2023\/11\/affiche-2-498x600.jpg 498w\" sizes=\"(max-width: 337px) 100vw, 337px\" \/><\/figure>\n","protected":false},"excerpt":{"rendered":"<p>Programme modifications ExpoDicos On the occasion of the AISC 2023 conference you can explore the &#8220;ExpoDicos&#8221; exhibition created by Nadine Vincent and Pam\u00e9la Vachon, linguists at the Universit\u00e9 de Sherbrooke. Through a series of large-format posters, the exhibition allows to discover some of the characteristic words of the Quebec language and culture, that are representative [&hellip;]<\/p>\n","protected":false},"author":3,"featured_media":0,"parent":0,"menu_order":8,"comment_status":"closed","ping_status":"closed","template":"","meta":{"_acf_changed":false,"footnotes":""},"class_list":["post-914","page","type-page","status-publish","hentry"],"acf":[],"_links":{"self":[{"href":"https:\/\/aisc2023.unimi.it\/en\/wp-json\/wp\/v2\/pages\/914"}],"collection":[{"href":"https:\/\/aisc2023.unimi.it\/en\/wp-json\/wp\/v2\/pages"}],"about":[{"href":"https:\/\/aisc2023.unimi.it\/en\/wp-json\/wp\/v2\/types\/page"}],"author":[{"embeddable":true,"href":"https:\/\/aisc2023.unimi.it\/en\/wp-json\/wp\/v2\/users\/3"}],"replies":[{"embeddable":true,"href":"https:\/\/aisc2023.unimi.it\/en\/wp-json\/wp\/v2\/comments?post=914"}],"version-history":[{"count":5,"href":"https:\/\/aisc2023.unimi.it\/en\/wp-json\/wp\/v2\/pages\/914\/revisions"}],"predecessor-version":[{"id":963,"href":"https:\/\/aisc2023.unimi.it\/en\/wp-json\/wp\/v2\/pages\/914\/revisions\/963"}],"wp:attachment":[{"href":"https:\/\/aisc2023.unimi.it\/en\/wp-json\/wp\/v2\/media?parent=914"}],"curies":[{"name":"wp","href":"https:\/\/api.w.org\/{rel}","templated":true}]}}