{"id":312,"date":"2022-02-14T10:45:26","date_gmt":"2022-02-14T09:45:26","guid":{"rendered":"https:\/\/aisc2023.wpmultisite.unimi.it\/?page_id=312"},"modified":"2023-11-15T15:40:03","modified_gmt":"2023-11-15T14:40:03","slug":"program","status":"publish","type":"page","link":"https:\/\/aisc2023.unimi.it\/en\/program\/","title":{"rendered":"Programme"},"content":{"rendered":"\n<p><strong>Keynote speakers<\/strong><\/p>\n\n\n\n<p>Luca Codignola, <em>Mezzo secolo di Canada: un itinerario di ricerca e di conoscenza<\/em><\/p>\n\n\n\n<p>Dani\u00e8le LeBlanc, <em>Transdisciplinarit\u00e9 et cr\u00e9ation&nbsp;: de la mise en sc\u00e8ne aux arts visuels et \u00e0 l\u2019\u00e9criture<\/em><\/p>\n\n\n\n<p>Beno\u00eet&nbsp;Melan\u00e7on, <em>Le sport national des Qu\u00e9b\u00e9cois : parler de langue<\/em><\/p>\n\n\n\n<p>H\u00e9liane Ventura, <em>The Naturalcultural World of the Future According to Margaret Atwood<\/em><\/p>\n\n\n\n<p><\/p>\n\n\n\n<p><strong>Complete conference programme<\/strong><\/p>\n\n\n\n<div data-wp-interactive=\"core\/file\" class=\"wp-block-file\"><a id=\"wp-block-file--media-6b1f43a9-75f9-4e0f-8dae-97b4e7b2d6b3\" href=\"https:\/\/aisc2023.unimi.it\/wp-content\/uploads\/sites\/47\/2023\/10\/AISC-2023-Programma-FINALE-rivisto-2.pdf\">AISC-2023-Programma-FINALE-rivisto-2<\/a><\/div>\n","protected":false},"excerpt":{"rendered":"<p>Our work group <\/p>\n","protected":false},"author":3,"featured_media":0,"parent":0,"menu_order":21,"comment_status":"closed","ping_status":"closed","template":"","meta":{"_acf_changed":false,"footnotes":""},"class_list":["post-312","page","type-page","status-publish","hentry"],"acf":[],"_links":{"self":[{"href":"https:\/\/aisc2023.unimi.it\/en\/wp-json\/wp\/v2\/pages\/312"}],"collection":[{"href":"https:\/\/aisc2023.unimi.it\/en\/wp-json\/wp\/v2\/pages"}],"about":[{"href":"https:\/\/aisc2023.unimi.it\/en\/wp-json\/wp\/v2\/types\/page"}],"author":[{"embeddable":true,"href":"https:\/\/aisc2023.unimi.it\/en\/wp-json\/wp\/v2\/users\/3"}],"replies":[{"embeddable":true,"href":"https:\/\/aisc2023.unimi.it\/en\/wp-json\/wp\/v2\/comments?post=312"}],"version-history":[{"count":15,"href":"https:\/\/aisc2023.unimi.it\/en\/wp-json\/wp\/v2\/pages\/312\/revisions"}],"predecessor-version":[{"id":940,"href":"https:\/\/aisc2023.unimi.it\/en\/wp-json\/wp\/v2\/pages\/312\/revisions\/940"}],"wp:attachment":[{"href":"https:\/\/aisc2023.unimi.it\/en\/wp-json\/wp\/v2\/media?parent=312"}],"curies":[{"name":"wp","href":"https:\/\/api.w.org\/{rel}","templated":true}]}}